{"id":1038,"date":"2018-04-17T15:31:26","date_gmt":"2018-04-17T13:31:26","guid":{"rendered":"https:\/\/dsgvo.expert\/?page_id=1038"},"modified":"2023-06-14T15:13:42","modified_gmt":"2023-06-14T13:13:42","slug":"materialien-zur-dsgvo-umetzung-fuer-kleine-mittlere-und-kleinst-unternehmen-sowie-fuer-vereine-und-andere-institutionen","status":"publish","type":"page","link":"https:\/\/dsgvo.expert\/wp\/materialien\/materialien-zur-dsgvo-umetzung-fuer-kleine-mittlere-und-kleinst-unternehmen-sowie-fuer-vereine-und-andere-institutionen\/","title":{"rendered":"Materialien zur DSGVO-Umetzung f\u00fcr kleine, mittlere und Kleinst-Unternehmen sowie f\u00fcr Vereine und andere Institutionen"},"content":{"rendered":"<p>Hier finden Sie eine \u00dcbersicht zu Materialien, die gerade f\u00fcr kleinere und mittlere Unternehmen, Kleinstunternehmen, Einzelunternehmen, Freiberufler, Selbst\u00e4ndige und Handerwerksbetriebe sowie\u00a0 Vereine, Stiftungen und andere kleine Institionen besonders hilfreich sind.<\/p>\n<ul>\n<li>Ein Leitfaden <strong>\u201eErste Hilfe zur Datenschutz-Grundverordnung f\u00fcr Unternehmen und Vereine\u201c<\/strong> ist vom Bayerischen Landesamt f\u00fcr Datenschutzaufsicht (BayLDA) im C.H.Beck-Verlag herausgegeben worden. Meine <strong><a href=\"https:\/\/dsgvo.expert\/zEkoK\">Rezension<\/a><\/strong> mit weiteren Infos und Bezugsquellen dieser Brosch\u00fcre ist <strong><a href=\"https:\/\/dsgvo.expert\/zEkoK\">hier<\/a><\/strong> zu finden.<\/li>\n<li>Unabh\u00e4ngiges Landeszentrum f\u00fcr Datenschutz Schleswig-Holstein:<a href=\"https:\/\/datenschutzzentrum.de\/artikel\/1178-.html\" target=\"_blank\" rel=\"noopener\"> <strong><span style=\"color: #000080;\">&#8222;<\/span>Vorbereitung auf die DSGVO durch Unternehmen: Identifikation von\u00a0 Handlungsfeldern&#8220;<\/strong><\/a><\/li>\n<li>Bayerisches Landesamt f\u00fcr Datenschutz: <strong>Wesentliche Anforderungen<\/strong>\u00a0 f\u00fcr <strong>kleine Unternehmen<\/strong> sowie <strong>Musterverzichnisse<\/strong> der Verarbeitungst\u00e4tigkeiten (die allerdings nur den Minimalanforderungen des Art. 30 DSGVO entsprechen) f\u00fcr Handwerksbetriebe, eine KFZ-Werkstatt, Arztpraxen, Beherberungsbetriebe, Onlineshopbetreiber, Einzelh\u00e4ndler und WEG-Verwaltungen:<br \/>\n<strong><a href=\"https:\/\/www.lda.bayern.de\/de\/kleine-unternehmen.html\" target=\"_blank\" rel=\"noopener\">https:\/\/www.lda.bayern.de\/de\/kleine-unternehmen.html<\/a> &#8211;<\/strong> Da sich diese Informationen auf die DSGVO beziehen, k\u00f6nnen sie selbstverst\u00e4ndlich auch von Betrieben\u00a0 au\u00dferhalb Bayerns gerne genutzt werden.<\/li>\n<li>Bayerisches Landesamt f\u00fcr Datenschutz: <strong>Wesentliche Anforderungen<\/strong> f\u00fcr <strong>Vereine<\/strong> sowie ein <strong>Musterverzichnis<\/strong> der Verarbeitungst\u00e4tigkeiten (das allerdings nur den Minimalanforderungen des Art. 30 DSGVO entspricht) f\u00fcr Vereine: <a href=\"https:\/\/www.lda.bayern.de\/de\/thema_vereine.html\" target=\"_blank\" rel=\"noopener\">https:\/\/www.lda.bayern.de\/de\/thema_vereine.html<\/a> &#8211; Da sich diese Informationen auf die DSGVO beziehen, k\u00f6nnen sie selbstverst\u00e4ndlich auch von Vereinen au\u00dferhalb Bayerns gerne genutzt werden.<\/li>\n<li>Website Datenschutz-Guru.de (ja, der Website-Betreiber nennt seine Website wirklich so. \ud83d\ude42 ) <a href=\"https:\/\/www.datenschutz-guru.de\/verzeichnis-von-verarbeitungstaetigkeiten\/\" target=\"_blank\" rel=\"noopener\">Mehr als 23 <strong>Muster f\u00fcr Verarbeitungst\u00e4tigkeitsbeschreibungen<\/strong><\/a>.<\/li>\n<li><strong><a href=\"https:\/\/dsgvo.expert\/20180416\" target=\"_blank\" rel=\"noopener\">Handout<\/a><\/strong>\u00a0zum Webinar &#8222;<strong>5\u00bd Wochen oder &#8218;Auf der Zielgeraden der DSGVO \u2013 Was Sie jetzt noch tun k\u00f6nnen&#8216;<\/strong>&#8222;. Mein <strong><a href=\"https:\/\/dsgvo.expert\/20180416\" target=\"_blank\" rel=\"noopener\">Handout<\/a><\/strong> zu diesem Webinar finden Sie unter <a href=\"https:\/\/dsgvo.expert\/20180416\" target=\"_blank\" rel=\"noopener\">https:\/\/dsgvo.expert\/20180416<\/a>. Hier finden sich &#8211; gerade f\u00fcr Unternehmen, Vereine und andere Institutionen, die mit der Umsetzung noch nicht begonnen haben oder noch am Anfang stehen, n\u00fctzliche Tipps und Hinweise, u.a. ein<a href=\"https:\/\/dsgvo.expert\/20180416\" target=\"_blank\" rel=\"noopener\"><strong> 10-Schritte-Plan<\/strong><\/a> ab Seite 10 (Folie 20) der <a href=\"https:\/\/dsgvo.expert\/20180416\" target=\"_blank\" rel=\"noopener\">PDF-Datei<\/a>.<\/li>\n<li>IHK M\u00fcnchen und Oberbayern: <a href=\"https:\/\/www.ihk-muenchen.de\/de\/Service\/Recht-und-Steuern\/Datenschutz\/Die-EU-Datenschutz-Grundverordnung\/\" target=\"_blank\" rel=\"noopener\"><strong>Das neue Datenschutzrecht (DSGVO) ab dem 25. Mai 2018<\/strong><\/a>\u00a0&#8211; hier finden Sie eine \u00fcbersichtliche Darstellung mit Links zu weiteren Materialien<\/li>\n<li>Zentralverband des Deutschen Handwerks e.V.: <a href=\"https:\/\/www.zdh.de\/fachbereiche\/organisation-und-recht\/datenschutz\/datenschutz-fuer-handwerksbetriebe\/\" target=\"_blank\" rel=\"noopener\"><strong>Datenschutz f\u00fcr Handwerksbetriebe &#8211; Informationen und Unterlagen f\u00fcr Handwerksbetriebe<\/strong><\/a><\/li>\n<li>Weitere Informationen f\u00fcr Vereine, Stiftungen, NGOs und andere Institutionen finden Sie hier: <a href=\"https:\/\/dsgvo.expert\/Verein\"><strong>https:\/\/dsgvo.expert\/Verein<\/strong><\/a><\/li>\n<\/ul>\n<p>Desweiteren k\u00f6nnen die unterschiedlichen auf den <strong><a href=\"https:\/\/dsgvo.expert\/material\">Materialienseiten<\/a><\/strong> verlinkten Leitf\u00e4den und Brosch\u00fcren zu den unterschiedlichen Umsetzungsthemen weiterhelfen. Beim \u00dcberfahren des Navigationspunkts \u201eMaterialen\u201c werden die unterschiedlichen Unterthemen, zu denen weiterf\u00fchrende Materialien verlinkt sind, sichtbar.<\/p>\n<div class=\"shariff shariff-align-center shariff-widget-align-flex-start\" data-services=\"tumblr\" data-url=\"https%3A%2F%2Fdsgvo.expert%2Fwp%2Fmaterialien%2Fmaterialien-zur-dsgvo-umetzung-fuer-kleine-mittlere-und-kleinst-unternehmen-sowie-fuer-vereine-und-andere-institutionen%2F\" data-timestamp=\"1686755622\" data-backendurl=\"https:\/\/dsgvo.expert\/wp\/wp-json\/shariff\/v1\/share_counts?\"><div class=\"ShariffHeadline\">Dieser Beitrag darf gerne geteilt werden:<\/div><ul class=\"shariff-buttons theme-white orientation-horizontal buttonsize-medium\"><li class=\"shariff-button paypalme shariff-nocustomcolor\" style=\"background-color:#0285d2\"><a href=\"https:\/\/www.paypal.me\/WernerHuelsmann\" title=\"Spenden mit PayPal\" aria-label=\"Spenden mit PayPal\" role=\"button\" rel=\"noopener nofollow\" class=\"shariff-link\" style=\"; background-color:#009cde; color:#009cde\" target=\"_blank\"><span class=\"shariff-icon\" style=\"fill:#009cde\"><svg width=\"32px\" height=\"20px\" xmlns=\"http:\/\/www.w3.org\/2000\/svg\" viewBox=\"0 0 32 32\"><path fill=\"#009cde\" d=\"M19.9 8q0-2.8-4.2-2.8h-1.2q-0.6 0-1.1 0.4t-0.6 0.9l-1.1 4.9q0 0.1 0 0.3 0 0.4 0.3 0.7t0.7 0.3h0.9q1.2 0 2.3-0.2t2-0.7 1.5-1.5 0.5-2.3zM30.6 10.7q0 4.7-3.9 7.6-3.9 2.9-10.9 2.9h-1.1q-0.6 0-1.1 0.4t-0.6 0.9l-1.3 5.6q-0.1 0.6-0.7 1.1t-1.2 0.5h-3.8q-0.6 0-0.9-0.4t-0.4-0.9q0-0.2 0.2-1.2h2.7q0.6 0 1.1-0.4t0.7-1l1.3-5.6q0.1-0.6 0.7-1t1.1-0.4h1.1q7 0 10.8-2.9t3.9-7.5q0-2.3-0.9-3.7 3.3 1.6 3.3 6zM27.4 7.4q0 4.7-3.9 7.6-3.9 2.9-10.9 2.9h-1.1q-0.6 0-1.1 0.4t-0.6 0.9l-1.3 5.6q-0.1 0.6-0.7 1.1t-1.2 0.5h-3.8q-0.6 0-0.9-0.3t-0.4-0.9q0-0.1 0-0.4l5.4-23.2q0.1-0.6 0.7-1.1t1.2-0.5h7.9q1.2 0 2.2 0.1t2.2 0.3 2 0.5 1.7 0.9 1.4 1.3 0.9 1.8 0.3 2.4z\"\/><\/svg><\/span><span class=\"shariff-text\" style=\"color:#009cde\">spenden<\/span>&nbsp;<\/a><\/li><li class=\"shariff-button threema shariff-nocustomcolor shariff-mobile\" style=\"background-color:#4fbc24\"><a href=\"threema:\/\/compose?text=Materialien%20zur%20DSGVO-Umetzung%20f%C3%BCr%20kleine%2C%20mittlere%20und%20Kleinst-Unternehmen%20sowie%20f%C3%BCr%20Vereine%20und%20andere%20Institutionen%20https%3A%2F%2Fdsgvo.expert%2Fwp%2Fmaterialien%2Fmaterialien-zur-dsgvo-umetzung-fuer-kleine-mittlere-und-kleinst-unternehmen-sowie-fuer-vereine-und-andere-institutionen%2F\" title=\"Bei Threema teilen\" aria-label=\"Bei Threema teilen\" role=\"button\" rel=\"noopener nofollow\" class=\"shariff-link\" style=\"; background-color:#1f1f1f; color:#1f1f1f\" target=\"_blank\"><span class=\"shariff-icon\" style=\"fill:#1f1f1f\"><svg width=\"32px\" height=\"20px\" xmlns=\"http:\/\/www.w3.org\/2000\/svg\" viewBox=\"0 0 32 32\"><path fill=\"#1f1f1f\" d=\"M30.8 10.9c-0.3-1.4-0.9-2.6-1.8-3.8-2-2.6-5.5-4.5-9.4-5.2-1.3-0.2-1.9-0.3-3.5-0.3s-2.2 0-3.5 0.3c-4 0.7-7.4 2.6-9.4 5.2-0.9 1.2-1.5 2.4-1.8 3.8-0.1 0.5-0.2 1.2-0.2 1.6 0 0.4 0.1 1.1 0.2 1.6 0.4 1.9 1.3 3.4 2.9 5 0.8 0.8 0.8 0.8 0.7 1.3 0 0.6-0.5 1.6-1.7 3.6-0.3 0.5-0.5 0.9-0.5 0.9 0 0.1 0.1 0.1 0.5 0 0.8-0.2 2.3-0.6 5.6-1.6 1.1-0.3 1.3-0.4 2.3-0.4 0.8 0 1.1 0 2.3 0.2 1.5 0.2 3.5 0.2 4.9 0 5.1-0.6 9.3-2.9 11.4-6.3 0.5-0.9 0.9-1.8 1.1-2.8 0.1-0.5 0.2-1.1 0.2-1.6 0-0.7-0.1-1.1-0.2-1.6-0.3-1.4 0.1 0.5 0 0zM20.6 17.3c0 0.4-0.4 0.8-0.8 0.8h-7.7c-0.4 0-0.8-0.4-0.8-0.8v-4.6c0-0.4 0.4-0.8 0.8-0.8h0.2l0-1.6c0-0.9 0-1.8 0.1-2 0.1-0.6 0.6-1.2 1.1-1.7s1.1-0.7 1.9-0.8c1.8-0.3 3.7 0.7 4.2 2.2 0.1 0.3 0.1 0.7 0.1 2.1v0 1.7h0.1c0.4 0 0.8 0.4 0.8 0.8v4.6zM15.6 7.3c-0.5 0.1-0.8 0.3-1.2 0.6s-0.6 0.8-0.7 1.3c0 0.2 0 0.8 0 1.5l0 1.2h4.6v-1.3c0-1 0-1.4-0.1-1.6-0.3-1.1-1.5-1.9-2.6-1.7zM25.8 28.2c0 1.2-1 2.2-2.1 2.2s-2.1-1-2.1-2.1c0-1.2 1-2.1 2.2-2.1s2.2 1 2.2 2.2zM18.1 28.2c0 1.2-1 2.2-2.1 2.2s-2.1-1-2.1-2.1c0-1.2 1-2.1 2.2-2.1s2.2 1 2.2 2.2zM10.4 28.2c0 1.2-1 2.2-2.1 2.2s-2.1-1-2.1-2.1c0-1.2 1-2.1 2.2-2.1s2.2 1 2.2 2.2z\"\/><\/svg><\/span><span class=\"shariff-text\" style=\"color:#1f1f1f\">teilen<\/span>&nbsp;<\/a><\/li><li class=\"shariff-button telegram shariff-nocustomcolor\" style=\"background-color:#4084A6\"><a href=\"https:\/\/telegram.me\/share\/url?url=https%3A%2F%2Fdsgvo.expert%2Fwp%2Fmaterialien%2Fmaterialien-zur-dsgvo-umetzung-fuer-kleine-mittlere-und-kleinst-unternehmen-sowie-fuer-vereine-und-andere-institutionen%2F&text=Materialien%20zur%20DSGVO-Umetzung%20f%C3%BCr%20kleine%2C%20mittlere%20und%20Kleinst-Unternehmen%20sowie%20f%C3%BCr%20Vereine%20und%20andere%20Institutionen\" title=\"Bei Telegram teilen\" aria-label=\"Bei Telegram teilen\" role=\"button\" rel=\"noopener nofollow\" class=\"shariff-link\" style=\"; background-color:#0088cc; color:#0088cc\" target=\"_blank\"><span class=\"shariff-icon\" style=\"fill:#0088cc\"><svg width=\"32px\" height=\"20px\" xmlns=\"http:\/\/www.w3.org\/2000\/svg\" viewBox=\"0 0 32 32\"><path fill=\"#0088cc\" d=\"M30.8 6.5l-4.5 21.4c-.3 1.5-1.2 1.9-2.5 1.2L16.9 24l-3.3 3.2c-.4.4-.7.7-1.4.7l.5-7L25.5 9.2c.6-.5-.1-.8-.9-.3l-15.8 10L2 16.7c-1.5-.5-1.5-1.5.3-2.2L28.9 4.3c1.3-.5 2.3.3 1.9 2.2z\"\/><\/svg><\/span><span class=\"shariff-text\" style=\"color:#0088cc\">teilen<\/span>&nbsp;<\/a><\/li><li class=\"shariff-button tumblr shariff-nocustomcolor\" style=\"background-color:#529ecc\"><a href=\"https:\/\/www.tumblr.com\/widgets\/share\/tool?posttype=link&canonicalUrl=https%3A%2F%2Fdsgvo.expert%2Fwp%2Fmaterialien%2Fmaterialien-zur-dsgvo-umetzung-fuer-kleine-mittlere-und-kleinst-unternehmen-sowie-fuer-vereine-und-andere-institutionen%2F&tags=dsgvo.expert\" title=\"Bei tumblr teilen\" aria-label=\"Bei tumblr teilen\" role=\"button\" rel=\"noopener nofollow\" class=\"shariff-link\" style=\"; background-color:#36465d; color:#36465d\" target=\"_blank\"><span class=\"shariff-icon\" style=\"fill:#36465d\"><svg width=\"32px\" height=\"20px\" xmlns=\"http:\/\/www.w3.org\/2000\/svg\" viewBox=\"0 0 32 32\"><path fill=\"#36465d\" d=\"M18 14l0 7.3c0 1.9 0 2.9 0.2 3.5 0.2 0.5 0.7 1.1 1.2 1.4 0.7 0.4 1.5 0.6 2.4 0.6 1.6 0 2.6-0.2 4.2-1.3v4.8c-1.4 0.6-2.6 1-3.7 1.3-1.1 0.3-2.3 0.4-3.6 0.4-1.5 0-2.3-0.2-3.4-0.6-1.1-0.4-2.1-0.9-2.9-1.6-0.8-0.7-1.3-1.4-1.7-2.2s-0.5-1.9-0.5-3.4v-11.2h-4.3v-4.5c1.3-0.4 2.7-1 3.6-1.8 0.9-0.8 1.6-1.7 2.2-2.7 0.5-1.1 0.9-2.4 1.1-4.1h5.2l0 8h8v6h-8z\"\/><\/svg><\/span><span class=\"shariff-text\" style=\"color:#36465d\">teilen<\/span>&nbsp;<\/a><\/li><li class=\"shariff-button twitter shariff-nocustomcolor\" style=\"background-color:#595959\"><a href=\"https:\/\/twitter.com\/share?url=https%3A%2F%2Fdsgvo.expert%2Fwp%2Fmaterialien%2Fmaterialien-zur-dsgvo-umetzung-fuer-kleine-mittlere-und-kleinst-unternehmen-sowie-fuer-vereine-und-andere-institutionen%2F&text=Materialien%20zur%20DSGVO-Umetzung%20f%C3%BCr%20kleine%2C%20mittlere%20und%20Kleinst-Unternehmen%20sowie%20f%C3%BCr%20Vereine%20und%20andere%20Institutionen&via=werneratakvorrat\" title=\"Bei X teilen\" aria-label=\"Bei X teilen\" role=\"button\" rel=\"noopener nofollow\" class=\"shariff-link\" style=\"; background-color:#000; color:#000\" target=\"_blank\"><span class=\"shariff-icon\" style=\"fill:#000\"><svg width=\"32px\" height=\"20px\" xmlns=\"http:\/\/www.w3.org\/2000\/svg\" viewBox=\"0 0 24 24\"><path fill=\"#000\" d=\"M14.258 10.152L23.176 0h-2.113l-7.747 8.813L7.133 0H0l9.352 13.328L0 23.973h2.113l8.176-9.309 6.531 9.309h7.133zm-2.895 3.293l-.949-1.328L2.875 1.56h3.246l6.086 8.523.945 1.328 7.91 11.078h-3.246zm0 0\"\/><\/svg><\/span><span class=\"shariff-text\" style=\"color:#000\">teilen<\/span>&nbsp;<\/a><\/li><li class=\"shariff-button whatsapp shariff-nocustomcolor shariff-mobile\" style=\"background-color:#5cbe4a\"><a href=\"https:\/\/api.whatsapp.com\/send?text=https%3A%2F%2Fdsgvo.expert%2Fwp%2Fmaterialien%2Fmaterialien-zur-dsgvo-umetzung-fuer-kleine-mittlere-und-kleinst-unternehmen-sowie-fuer-vereine-und-andere-institutionen%2F%20Materialien%20zur%20DSGVO-Umetzung%20f%C3%BCr%20kleine%2C%20mittlere%20und%20Kleinst-Unternehmen%20sowie%20f%C3%BCr%20Vereine%20und%20andere%20Institutionen\" title=\"Bei Whatsapp teilen\" aria-label=\"Bei Whatsapp teilen\" role=\"button\" rel=\"noopener nofollow\" class=\"shariff-link\" style=\"; background-color:#34af23; color:#34af23\" target=\"_blank\"><span class=\"shariff-icon\" style=\"fill:#34af23\"><svg width=\"32px\" height=\"20px\" xmlns=\"http:\/\/www.w3.org\/2000\/svg\" viewBox=\"0 0 32 32\"><path fill=\"#34af23\" d=\"M17.6 17.4q0.2 0 1.7 0.8t1.6 0.9q0 0.1 0 0.3 0 0.6-0.3 1.4-0.3 0.7-1.3 1.2t-1.8 0.5q-1 0-3.4-1.1-1.7-0.8-3-2.1t-2.6-3.3q-1.3-1.9-1.3-3.5v-0.1q0.1-1.6 1.3-2.8 0.4-0.4 0.9-0.4 0.1 0 0.3 0t0.3 0q0.3 0 0.5 0.1t0.3 0.5q0.1 0.4 0.6 1.6t0.4 1.3q0 0.4-0.6 1t-0.6 0.8q0 0.1 0.1 0.3 0.6 1.3 1.8 2.4 1 0.9 2.7 1.8 0.2 0.1 0.4 0.1 0.3 0 1-0.9t0.9-0.9zM14 26.9q2.3 0 4.3-0.9t3.6-2.4 2.4-3.6 0.9-4.3-0.9-4.3-2.4-3.6-3.6-2.4-4.3-0.9-4.3 0.9-3.6 2.4-2.4 3.6-0.9 4.3q0 3.6 2.1 6.6l-1.4 4.2 4.3-1.4q2.8 1.9 6.2 1.9zM14 2.2q2.7 0 5.2 1.1t4.3 2.9 2.9 4.3 1.1 5.2-1.1 5.2-2.9 4.3-4.3 2.9-5.2 1.1q-3.5 0-6.5-1.7l-7.4 2.4 2.4-7.2q-1.9-3.2-1.9-6.9 0-2.7 1.1-5.2t2.9-4.3 4.3-2.9 5.2-1.1z\"\/><\/svg><\/span><span class=\"shariff-text\" style=\"color:#34af23\">teilen<\/span>&nbsp;<\/a><\/li><li class=\"shariff-button xing shariff-nocustomcolor\" style=\"background-color:#29888a\"><a href=\"https:\/\/www.xing.com\/spi\/shares\/new?url=https%3A%2F%2Fdsgvo.expert%2Fwp%2Fmaterialien%2Fmaterialien-zur-dsgvo-umetzung-fuer-kleine-mittlere-und-kleinst-unternehmen-sowie-fuer-vereine-und-andere-institutionen%2F\" title=\"Bei XING teilen\" aria-label=\"Bei XING teilen\" role=\"button\" rel=\"noopener nofollow\" class=\"shariff-link\" style=\"; background-color:#126567; color:#126567\" target=\"_blank\"><span class=\"shariff-icon\" style=\"fill:#126567\"><svg width=\"32px\" height=\"20px\" xmlns=\"http:\/\/www.w3.org\/2000\/svg\" viewBox=\"0 0 25 32\"><path fill=\"#126567\" d=\"M10.7 11.9q-0.2 0.3-4.6 8.2-0.5 0.8-1.2 0.8h-4.3q-0.4 0-0.5-0.3t0-0.6l4.5-8q0 0 0 0l-2.9-5q-0.2-0.4 0-0.7 0.2-0.3 0.5-0.3h4.3q0.7 0 1.2 0.8zM25.1 0.4q0.2 0.3 0 0.7l-9.4 16.7 6 11q0.2 0.4 0 0.6-0.2 0.3-0.6 0.3h-4.3q-0.7 0-1.2-0.8l-6-11.1q0.3-0.6 9.5-16.8 0.4-0.8 1.2-0.8h4.3q0.4 0 0.5 0.3z\"\/><\/svg><\/span><span class=\"shariff-text\" style=\"color:#126567\">teilen<\/span>&nbsp;<\/a><\/li><li class=\"shariff-button diaspora shariff-nocustomcolor\" style=\"background-color:#b3b3b3\"><a href=\"https:\/\/share.diasporafoundation.org\/?url=https%3A%2F%2Fdsgvo.expert%2Fwp%2Fmaterialien%2Fmaterialien-zur-dsgvo-umetzung-fuer-kleine-mittlere-und-kleinst-unternehmen-sowie-fuer-vereine-und-andere-institutionen%2F&title=Materialien%20zur%20DSGVO-Umetzung%20f%C3%BCr%20kleine%2C%20mittlere%20und%20Kleinst-Unternehmen%20sowie%20f%C3%BCr%20Vereine%20und%20andere%20Institutionen\" title=\"Bei diaspora* teilen\" aria-label=\"Bei diaspora* teilen\" role=\"button\" rel=\"noopener nofollow\" class=\"shariff-link\" style=\"; background-color:#999; color:#999\" target=\"_blank\"><span class=\"shariff-icon\" style=\"fill:#999\"><svg width=\"32px\" height=\"20px\" xmlns=\"http:\/\/www.w3.org\/2000\/svg\" viewBox=\"0 0 33 32\"><path fill=\"#999\" d=\"M20.6 28.2c-0.8-1.2-2.1-2.9-2.9-4-0.8-1.1-1.4-1.9-1.4-1.9s-1.2 1.6-2.8 3.8c-1.5 2.1-2.8 3.8-2.8 3.8 0 0-5.5-3.9-5.5-3.9 0 0 1.2-1.8 2.8-4s2.8-4 2.8-4.1c0-0.1-0.5-0.2-4.4-1.5-2.4-0.8-4.4-1.5-4.4-1.5 0 0 0.2-0.8 1-3.2 0.6-1.8 1-3.2 1.1-3.3s2.1 0.6 4.6 1.5c2.5 0.8 4.6 1.5 4.6 1.5s0.1 0 0.1-0.1c0 0 0-2.2 0-4.8s0-4.7 0.1-4.7c0 0 0.7 0 3.3 0 1.8 0 3.3 0 3.4 0 0 0 0.1 1.4 0.2 4.6 0.1 5.2 0.1 5.3 0.2 5.3 0 0 2-0.7 4.5-1.5s4.4-1.5 4.4-1.5c0 0.1 2 6.5 2 6.5 0 0-2 0.7-4.5 1.5-3.4 1.1-4.5 1.5-4.5 1.6 0 0 1.2 1.8 2.6 3.9 1.5 2.1 2.6 3.9 2.6 3.9 0 0-5.4 4-5.5 4 0 0-0.7-0.9-1.5-2.1z\"\/><\/svg><\/span><span class=\"shariff-text\" style=\"color:#999\">teilen<\/span>&nbsp;<\/a><\/li><li class=\"shariff-button facebook shariff-nocustomcolor\" style=\"background-color:#4273c8\"><a href=\"https:\/\/www.facebook.com\/sharer\/sharer.php?u=https%3A%2F%2Fdsgvo.expert%2Fwp%2Fmaterialien%2Fmaterialien-zur-dsgvo-umetzung-fuer-kleine-mittlere-und-kleinst-unternehmen-sowie-fuer-vereine-und-andere-institutionen%2F\" title=\"Bei Facebook teilen\" aria-label=\"Bei Facebook teilen\" role=\"button\" rel=\"nofollow\" class=\"shariff-link\" style=\"; background-color:#3b5998; color:#3b5998\" target=\"_blank\"><span class=\"shariff-icon\" style=\"fill:#3b5998\"><svg width=\"32px\" height=\"20px\" xmlns=\"http:\/\/www.w3.org\/2000\/svg\" viewBox=\"0 0 18 32\"><path fill=\"#3b5998\" d=\"M17.1 0.2v4.7h-2.8q-1.5 0-2.1 0.6t-0.5 1.9v3.4h5.2l-0.7 5.3h-4.5v13.6h-5.5v-13.6h-4.5v-5.3h4.5v-3.9q0-3.3 1.9-5.2t5-1.8q2.6 0 4.1 0.2z\"\/><\/svg><\/span><span class=\"shariff-text\" style=\"color:#3b5998\">teilen<\/span>&nbsp;<\/a><\/li><li class=\"shariff-button linkedin shariff-nocustomcolor\" style=\"background-color:#1488bf\"><a href=\"https:\/\/www.linkedin.com\/sharing\/share-offsite\/?url=https%3A%2F%2Fdsgvo.expert%2Fwp%2Fmaterialien%2Fmaterialien-zur-dsgvo-umetzung-fuer-kleine-mittlere-und-kleinst-unternehmen-sowie-fuer-vereine-und-andere-institutionen%2F\" title=\"Bei LinkedIn teilen\" aria-label=\"Bei LinkedIn teilen\" role=\"button\" rel=\"noopener nofollow\" class=\"shariff-link\" style=\"; background-color:#0077b5; color:#0077b5\" target=\"_blank\"><span class=\"shariff-icon\" style=\"fill:#0077b5\"><svg width=\"32px\" height=\"20px\" xmlns=\"http:\/\/www.w3.org\/2000\/svg\" viewBox=\"0 0 27 32\"><path fill=\"#0077b5\" d=\"M6.2 11.2v17.7h-5.9v-17.7h5.9zM6.6 5.7q0 1.3-0.9 2.2t-2.4 0.9h0q-1.5 0-2.4-0.9t-0.9-2.2 0.9-2.2 2.4-0.9 2.4 0.9 0.9 2.2zM27.4 18.7v10.1h-5.9v-9.5q0-1.9-0.7-2.9t-2.3-1.1q-1.1 0-1.9 0.6t-1.2 1.5q-0.2 0.5-0.2 1.4v9.9h-5.9q0-7.1 0-11.6t0-5.3l0-0.9h5.9v2.6h0q0.4-0.6 0.7-1t1-0.9 1.6-0.8 2-0.3q3 0 4.9 2t1.9 6z\"\/><\/svg><\/span><span class=\"shariff-text\" style=\"color:#0077b5\">teilen<\/span>&nbsp;<\/a><\/li><li class=\"shariff-button mailto shariff-nocustomcolor\" style=\"background-color:#a8a8a8\"><a href=\"mailto:?body=https%3A%2F%2Fdsgvo.expert%2Fwp%2Fmaterialien%2Fmaterialien-zur-dsgvo-umetzung-fuer-kleine-mittlere-und-kleinst-unternehmen-sowie-fuer-vereine-und-andere-institutionen%2F&subject=Materialien%20zur%20DSGVO-Umetzung%20f%C3%BCr%20kleine%2C%20mittlere%20und%20Kleinst-Unternehmen%20sowie%20f%C3%BCr%20Vereine%20und%20andere%20Institutionen\" title=\"Per E-Mail versenden\" aria-label=\"Per E-Mail versenden\" role=\"button\" rel=\"noopener nofollow\" class=\"shariff-link\" style=\"; background-color:#999; color:#999\"><span class=\"shariff-icon\" style=\"fill:#999\"><svg width=\"32px\" height=\"20px\" xmlns=\"http:\/\/www.w3.org\/2000\/svg\" viewBox=\"0 0 32 32\"><path fill=\"#999\" d=\"M32 12.7v14.2q0 1.2-0.8 2t-2 0.9h-26.3q-1.2 0-2-0.9t-0.8-2v-14.2q0.8 0.9 1.8 1.6 6.5 4.4 8.9 6.1 1 0.8 1.6 1.2t1.7 0.9 2 0.4h0.1q0.9 0 2-0.4t1.7-0.9 1.6-1.2q3-2.2 8.9-6.1 1-0.7 1.8-1.6zM32 7.4q0 1.4-0.9 2.7t-2.2 2.2q-6.7 4.7-8.4 5.8-0.2 0.1-0.7 0.5t-1 0.7-0.9 0.6-1.1 0.5-0.9 0.2h-0.1q-0.4 0-0.9-0.2t-1.1-0.5-0.9-0.6-1-0.7-0.7-0.5q-1.6-1.1-4.7-3.2t-3.6-2.6q-1.1-0.7-2.1-2t-1-2.5q0-1.4 0.7-2.3t2.1-0.9h26.3q1.2 0 2 0.8t0.9 2z\"\/><\/svg><\/span><span class=\"shariff-text\" style=\"color:#999\">E-Mail<\/span>&nbsp;<\/a><\/li><li class=\"shariff-button printer shariff-nocustomcolor\" style=\"background-color:#a8a8a8\"><a href=\"javascript:window.print()\" title=\"drucken\" aria-label=\"drucken\" role=\"button\" rel=\"noopener nofollow\" class=\"shariff-link\" style=\"; background-color:#999; color:#999\"><span class=\"shariff-icon\" style=\"fill:#999\"><svg width=\"32px\" height=\"20px\" xmlns=\"http:\/\/www.w3.org\/2000\/svg\" viewBox=\"0 0 30 32\"><path fill=\"#999\" d=\"M6.8 27.4h16v-4.6h-16v4.6zM6.8 16h16v-6.8h-2.8q-0.7 0-1.2-0.5t-0.5-1.2v-2.8h-11.4v11.4zM27.4 17.2q0-0.5-0.3-0.8t-0.8-0.4-0.8 0.4-0.3 0.8 0.3 0.8 0.8 0.3 0.8-0.3 0.3-0.8zM29.7 17.2v7.4q0 0.2-0.2 0.4t-0.4 0.2h-4v2.8q0 0.7-0.5 1.2t-1.2 0.5h-17.2q-0.7 0-1.2-0.5t-0.5-1.2v-2.8h-4q-0.2 0-0.4-0.2t-0.2-0.4v-7.4q0-1.4 1-2.4t2.4-1h1.2v-9.7q0-0.7 0.5-1.2t1.2-0.5h12q0.7 0 1.6 0.4t1.3 0.8l2.7 2.7q0.5 0.5 0.9 1.4t0.4 1.6v4.6h1.1q1.4 0 2.4 1t1 2.4z\"\/><\/svg><\/span><span class=\"shariff-text\" style=\"color:#999\">drucken<\/span>&nbsp;<\/a><\/li><li class=\"shariff-button rss shariff-nocustomcolor\" style=\"background-color:#ff8c00\"><a href=\"https:\/\/dsgvo.expert\/wp\/feed\/rss\/\" title=\"RSS-feed\" aria-label=\"RSS-feed\" role=\"button\" class=\"shariff-link\" style=\"; background-color:#fe9312; color:#fe9312\" target=\"_blank\"><span class=\"shariff-icon\" style=\"fill:#fe9312\"><svg width=\"32px\" height=\"20px\" xmlns=\"http:\/\/www.w3.org\/2000\/svg\" viewBox=\"0 0 32 32\"><path fill=\"#fe9312\" d=\"M4.3 23.5c-2.3 0-4.3 1.9-4.3 4.3 0 2.3 1.9 4.2 4.3 4.2 2.4 0 4.3-1.9 4.3-4.2 0-2.3-1.9-4.3-4.3-4.3zM0 10.9v6.1c4 0 7.7 1.6 10.6 4.4 2.8 2.8 4.4 6.6 4.4 10.6h6.2c0-11.7-9.5-21.1-21.1-21.1zM0 0v6.1c14.2 0 25.8 11.6 25.8 25.9h6.2c0-17.6-14.4-32-32-32z\"\/><\/svg><\/span><span class=\"shariff-text\" style=\"color:#fe9312\">RSS-feed<\/span>&nbsp;<\/a><\/li><li class=\"shariff-button info shariff-nocustomcolor\" style=\"background-color:#a8a8a8\"><a href=\"http:\/\/ct.de\/-2467514\" title=\"Weitere Informationen zu diesen Buttons (externer Link)\" aria-label=\"Weitere Informationen zu diesen Buttons (externer Link)\" role=\"button\" rel=\"noopener \" class=\"shariff-link\" style=\"; background-color:#999; color:#999\" target=\"_blank\"><span class=\"shariff-icon\" style=\"fill:#999\"><svg width=\"32px\" height=\"20px\" xmlns=\"http:\/\/www.w3.org\/2000\/svg\" viewBox=\"0 0 11 32\"><path fill=\"#999\" d=\"M11.4 24v2.3q0 0.5-0.3 0.8t-0.8 0.4h-9.1q-0.5 0-0.8-0.4t-0.4-0.8v-2.3q0-0.5 0.4-0.8t0.8-0.4h1.1v-6.8h-1.1q-0.5 0-0.8-0.4t-0.4-0.8v-2.3q0-0.5 0.4-0.8t0.8-0.4h6.8q0.5 0 0.8 0.4t0.4 0.8v10.3h1.1q0.5 0 0.8 0.4t0.3 0.8zM9.2 3.4v3.4q0 0.5-0.4 0.8t-0.8 0.4h-4.6q-0.4 0-0.8-0.4t-0.4-0.8v-3.4q0-0.4 0.4-0.8t0.8-0.4h4.6q0.5 0 0.8 0.4t0.4 0.8z\"\/><\/svg><\/span><\/a><\/li><\/ul><\/div>","protected":false},"excerpt":{"rendered":"<p>Hier finden Sie eine \u00dcbersicht zu Materialien, die gerade f\u00fcr kleinere und mittlere Unternehmen, Kleinstunternehmen, Einzelunternehmen, Freiberufler, Selbst\u00e4ndige und Handerwerksbetriebe sowie\u00a0 Vereine, Stiftungen und andere kleine Institionen besonders hilfreich sind. Ein Leitfaden \u201eErste Hilfe zur Datenschutz-Grundverordnung f\u00fcr Unternehmen und Vereine\u201c &hellip; <a href=\"https:\/\/dsgvo.expert\/wp\/materialien\/materialien-zur-dsgvo-umetzung-fuer-kleine-mittlere-und-kleinst-unternehmen-sowie-fuer-vereine-und-andere-institutionen\/\">Weiterlesen <span class=\"meta-nav\">&rarr;<\/span><\/a><\/p>\n","protected":false},"author":1,"featured_media":0,"parent":37,"menu_order":42,"comment_status":"closed","ping_status":"closed","template":"","meta":{"footnotes":""},"class_list":["post-1038","page","type-page","status-publish","hentry"],"_links":{"self":[{"href":"https:\/\/dsgvo.expert\/wp\/wp-json\/wp\/v2\/pages\/1038","targetHints":{"allow":["GET"]}}],"collection":[{"href":"https:\/\/dsgvo.expert\/wp\/wp-json\/wp\/v2\/pages"}],"about":[{"href":"https:\/\/dsgvo.expert\/wp\/wp-json\/wp\/v2\/types\/page"}],"author":[{"embeddable":true,"href":"https:\/\/dsgvo.expert\/wp\/wp-json\/wp\/v2\/users\/1"}],"replies":[{"embeddable":true,"href":"https:\/\/dsgvo.expert\/wp\/wp-json\/wp\/v2\/comments?post=1038"}],"version-history":[{"count":10,"href":"https:\/\/dsgvo.expert\/wp\/wp-json\/wp\/v2\/pages\/1038\/revisions"}],"predecessor-version":[{"id":1926,"href":"https:\/\/dsgvo.expert\/wp\/wp-json\/wp\/v2\/pages\/1038\/revisions\/1926"}],"up":[{"embeddable":true,"href":"https:\/\/dsgvo.expert\/wp\/wp-json\/wp\/v2\/pages\/37"}],"wp:attachment":[{"href":"https:\/\/dsgvo.expert\/wp\/wp-json\/wp\/v2\/media?parent=1038"}],"curies":[{"name":"wp","href":"https:\/\/api.w.org\/{rel}","templated":true}]}}